{"id":56,"date":"2021-09-08T11:25:40","date_gmt":"2021-09-08T11:25:40","guid":{"rendered":"https:\/\/alperbayrak.com\/?page_id=56"},"modified":"2021-09-17T18:07:16","modified_gmt":"2021-09-17T18:07:16","slug":"sanat-terapisi","status":"publish","type":"page","link":"https:\/\/www.alperbayrak.com\/index.php\/sanat-terapisi\/","title":{"rendered":"Sanat Terapisi"},"content":{"rendered":"\n<p class=\"has-black-color has-text-color\" style=\"font-size:26px\"><strong>Sanat Terapisi<\/strong><\/p>\n\n\n\n<p>Sanat Terapisi, ki\u015finin kendi i\u00e7indeki duygular\u0131 sanat yoluyla d\u0131\u015fa vurma y\u00f6ntemi olarak tan\u0131mlayabiliriz. Bu y\u00f6ntemde, akla gelebilecek her t\u00fcrl\u00fc sanat malzemesi (boyalar, kuma\u015flar, kurdalyeler, renkli ka\u011f\u0131tlar, boncuklar vb.,) kullan\u0131l\u0131r. Resim, heykel, dans, drama, m\u00fczik, hikayeler gibi sanat\u0131n farkl\u0131 dallar\u0131ndan faydalan\u0131l\u0131r. Ancak burada ama\u00e7 sanat yapmak de\u011fildir, sanat ara\u00e7 olarak kullan\u0131lmaktad\u0131r. Estetik bir kayg\u0131 hissetmeden sanat\u0131 ara\u00e7 olarak kullanarak, duygu, d\u00fc\u015f\u00fcnce, ihtiya\u00e7 ya da arzular ifade edilebilmektedir. &nbsp;<\/p>\n\n\n\n<p>K\u0131saca sanat terapisini, ki\u015finin kendisini bir sanat eserine d\u00f6n\u00fc\u015ft\u00fcrd\u00fc\u011f\u00fc ve kendine buradan bakt\u0131\u011f\u0131 bir terapi y\u00f6ntemi olarak \u00f6zetleyebiliriz.<\/p>\n\n\n\n<p>Sanat terapisi bireyin tekli\u011fi, biricikli\u011fi ve kendi ki\u015fisel yolculu\u011funun benzersiz oldu\u011funu kabul eden bir yakla\u015f\u0131md\u0131r. Y\u00f6ntemin en g\u00fc\u00e7l\u00fc yanlar\u0131nda biri ise, zorlay\u0131c\u0131 ac\u0131 verici konular\u0131 bile yumu\u015fak\u00e7a ele alabilmesidir. Bu sebeple, travmatik ya\u015fant\u0131larda, \u015fiddet i\u00e7eren zorlay\u0131c\u0131 ya\u015fam deneyimlerinde bu y\u00f6ntem kullan\u0131larak \u00e7al\u0131\u015f\u0131labilir.<\/p>\n\n\n\n<p>Sanat terapisinde s\u00fcre\u00e7 de \u00e7\u0131kan eser kadar \u00f6nemlidir. Gizli kalm\u0131\u015f duygular\u0131, istekleri, korkular\u0131, hayalleri sembolik bir dille ortaya \u00e7\u0131kabilir.<\/p>\n\n\n\n<p>Sanat Terapisinin yard\u0131mc\u0131 olabilece\u011fi durumlardan baz\u0131lar\u0131:<\/p>\n\n\n\n<p>Sosyal becerileri artt\u0131rmak<\/p>\n\n\n\n<p>Akranlar aras\u0131 etkile\u015fimi artt\u0131rmak<\/p>\n\n\n\n<p>Yas s\u00fcre\u00e7lerini daha yumu\u015fak \u015fekilde \u00e7al\u0131\u015fmak<\/p>\n\n\n\n<p>Duygu kontrolleri<\/p>\n\n\n\n<p>Dil geli\u015fimi desteklemek<\/p>\n\n\n\n<p>Problem \u00e7\u00f6zme becerilerini artt\u0131rma<\/p>\n\n\n\n<p>Hayatlar\u0131 hakk\u0131nda fark\u0131ndal\u0131k kazanma<\/p>\n\n\n\n<p>Yu\u011fun kayg\u0131 duygular\u0131 azaltma<\/p>\n","protected":false},"excerpt":{"rendered":"<p>Sanat Terapisi Sanat Terapisi, ki\u015finin kendi i\u00e7indeki duygular\u0131 sanat yoluyla d\u0131\u015fa vurma y\u00f6ntemi olarak tan\u0131mlayabiliriz. Bu y\u00f6ntemde, akla gelebilecek her t\u00fcrl\u00fc sanat malzemesi (boyalar, kuma\u015flar, kurdalyeler, renkli ka\u011f\u0131tlar, boncuklar vb.,) kullan\u0131l\u0131r. Resim, heykel, dans, drama, m\u00fczik, hikayeler gibi sanat\u0131n farkl\u0131 dallar\u0131ndan faydalan\u0131l\u0131r. Ancak burada ama\u00e7 sanat yapmak de\u011fildir, sanat ara\u00e7 olarak kullan\u0131lmaktad\u0131r. Estetik bir kayg\u0131 [&hellip;]<\/p>\n","protected":false},"author":6,"featured_media":0,"parent":0,"menu_order":0,"comment_status":"closed","ping_status":"closed","template":"","meta":{"footnotes":""},"class_list":["post-56","page","type-page","status-publish","hentry"],"_links":{"self":[{"href":"https:\/\/www.alperbayrak.com\/index.php\/wp-json\/wp\/v2\/pages\/56","targetHints":{"allow":["GET"]}}],"collection":[{"href":"https:\/\/www.alperbayrak.com\/index.php\/wp-json\/wp\/v2\/pages"}],"about":[{"href":"https:\/\/www.alperbayrak.com\/index.php\/wp-json\/wp\/v2\/types\/page"}],"author":[{"embeddable":true,"href":"https:\/\/www.alperbayrak.com\/index.php\/wp-json\/wp\/v2\/users\/6"}],"replies":[{"embeddable":true,"href":"https:\/\/www.alperbayrak.com\/index.php\/wp-json\/wp\/v2\/comments?post=56"}],"version-history":[{"count":4,"href":"https:\/\/www.alperbayrak.com\/index.php\/wp-json\/wp\/v2\/pages\/56\/revisions"}],"predecessor-version":[{"id":150,"href":"https:\/\/www.alperbayrak.com\/index.php\/wp-json\/wp\/v2\/pages\/56\/revisions\/150"}],"wp:attachment":[{"href":"https:\/\/www.alperbayrak.com\/index.php\/wp-json\/wp\/v2\/media?parent=56"}],"curies":[{"name":"wp","href":"https:\/\/api.w.org\/{rel}","templated":true}]}}