{"id":42,"date":"2021-09-08T11:15:30","date_gmt":"2021-09-08T11:15:30","guid":{"rendered":"https:\/\/alperbayrak.com\/?page_id=42"},"modified":"2024-12-26T12:43:13","modified_gmt":"2024-12-26T12:43:13","slug":"iletisim","status":"publish","type":"page","link":"https:\/\/www.alperbayrak.com\/index.php\/iletisim\/","title":{"rendered":"\u0130leti\u015fim"},"content":{"rendered":"\n<p class=\"has-larger-font-size\"><strong>\u0130LET\u0130\u015e\u0130M<\/strong><\/p>\n\n\n\n<figure class=\"wp-block-image size-large\"><img loading=\"lazy\" decoding=\"async\" width=\"1024\" height=\"695\" src=\"https:\/\/www.alperbayrak.com\/wp-content\/uploads\/2024\/12\/alpersite-1024x695.jpg\" alt=\"\" class=\"wp-image-1380\" srcset=\"https:\/\/www.alperbayrak.com\/wp-content\/uploads\/2024\/12\/alpersite-1024x695.jpg 1024w, https:\/\/www.alperbayrak.com\/wp-content\/uploads\/2024\/12\/alpersite-300x204.jpg 300w, https:\/\/www.alperbayrak.com\/wp-content\/uploads\/2024\/12\/alpersite-768x521.jpg 768w, https:\/\/www.alperbayrak.com\/wp-content\/uploads\/2024\/12\/alpersite-1536x1042.jpg 1536w, https:\/\/www.alperbayrak.com\/wp-content\/uploads\/2024\/12\/alpersite-2048x1390.jpg 2048w\" sizes=\"auto, (max-width: 1024px) 100vw, 1024px\" \/><\/figure>\n\n\n\n<p><\/p>\n\n\n\n<p><strong>Adres :<\/strong>K\u00fclt\u00fcr Mh. \u015eair E\u015fref Bulvar\u0131 I\u015f\u0131k Apt. No:41 K:3 D:7 Konak \u0130zmir<\/p>\n","protected":false},"excerpt":{"rendered":"<p>\u0130LET\u0130\u015e\u0130M Adres :K\u00fclt\u00fcr Mh. \u015eair E\u015fref Bulvar\u0131 I\u015f\u0131k Apt. No:41 K:3 D:7 Konak \u0130zmir<\/p>\n","protected":false},"author":6,"featured_media":0,"parent":0,"menu_order":0,"comment_status":"closed","ping_status":"closed","template":"","meta":{"footnotes":""},"class_list":["post-42","page","type-page","status-publish","hentry"],"_links":{"self":[{"href":"https:\/\/www.alperbayrak.com\/index.php\/wp-json\/wp\/v2\/pages\/42","targetHints":{"allow":["GET"]}}],"collection":[{"href":"https:\/\/www.alperbayrak.com\/index.php\/wp-json\/wp\/v2\/pages"}],"about":[{"href":"https:\/\/www.alperbayrak.com\/index.php\/wp-json\/wp\/v2\/types\/page"}],"author":[{"embeddable":true,"href":"https:\/\/www.alperbayrak.com\/index.php\/wp-json\/wp\/v2\/users\/6"}],"replies":[{"embeddable":true,"href":"https:\/\/www.alperbayrak.com\/index.php\/wp-json\/wp\/v2\/comments?post=42"}],"version-history":[{"count":9,"href":"https:\/\/www.alperbayrak.com\/index.php\/wp-json\/wp\/v2\/pages\/42\/revisions"}],"predecessor-version":[{"id":1383,"href":"https:\/\/www.alperbayrak.com\/index.php\/wp-json\/wp\/v2\/pages\/42\/revisions\/1383"}],"wp:attachment":[{"href":"https:\/\/www.alperbayrak.com\/index.php\/wp-json\/wp\/v2\/media?parent=42"}],"curies":[{"name":"wp","href":"https:\/\/api.w.org\/{rel}","templated":true}]}}