{"id":231,"date":"2021-10-17T17:51:04","date_gmt":"2021-10-17T17:51:04","guid":{"rendered":"https:\/\/alperbayrak.com\/?page_id=231"},"modified":"2021-10-17T17:51:04","modified_gmt":"2021-10-17T17:51:04","slug":"ozel-ogrenme-guclukleri","status":"publish","type":"page","link":"https:\/\/www.alperbayrak.com\/index.php\/ozel-ogrenme-guclukleri\/","title":{"rendered":"\u00d6zel \u00d6\u011frenme G\u00fc\u00e7l\u00fckleri"},"content":{"rendered":"","protected":false},"excerpt":{"rendered":"","protected":false},"author":3,"featured_media":0,"parent":0,"menu_order":0,"comment_status":"closed","ping_status":"closed","template":"","meta":{"footnotes":""},"class_list":["post-231","page","type-page","status-publish","hentry"],"_links":{"self":[{"href":"https:\/\/www.alperbayrak.com\/index.php\/wp-json\/wp\/v2\/pages\/231","targetHints":{"allow":["GET"]}}],"collection":[{"href":"https:\/\/www.alperbayrak.com\/index.php\/wp-json\/wp\/v2\/pages"}],"about":[{"href":"https:\/\/www.alperbayrak.com\/index.php\/wp-json\/wp\/v2\/types\/page"}],"author":[{"embeddable":true,"href":"https:\/\/www.alperbayrak.com\/index.php\/wp-json\/wp\/v2\/users\/3"}],"replies":[{"embeddable":true,"href":"https:\/\/www.alperbayrak.com\/index.php\/wp-json\/wp\/v2\/comments?post=231"}],"version-history":[{"count":1,"href":"https:\/\/www.alperbayrak.com\/index.php\/wp-json\/wp\/v2\/pages\/231\/revisions"}],"predecessor-version":[{"id":248,"href":"https:\/\/www.alperbayrak.com\/index.php\/wp-json\/wp\/v2\/pages\/231\/revisions\/248"}],"wp:attachment":[{"href":"https:\/\/www.alperbayrak.com\/index.php\/wp-json\/wp\/v2\/media?parent=231"}],"curies":[{"name":"wp","href":"https:\/\/api.w.org\/{rel}","templated":true}]}}