{"id":226,"date":"2021-10-17T17:20:38","date_gmt":"2021-10-17T17:20:38","guid":{"rendered":"https:\/\/alperbayrak.com\/?page_id=226"},"modified":"2021-10-17T17:21:33","modified_gmt":"2021-10-17T17:21:33","slug":"dikkat-eksikligi-hiperaktivite-bozuklugu","status":"publish","type":"page","link":"https:\/\/www.alperbayrak.com\/index.php\/dikkat-eksikligi-hiperaktivite-bozuklugu\/","title":{"rendered":"Dikkat Eksikli\u011fi Hiperaktivite Bozuklu\u011fu"},"content":{"rendered":"\n<p>Tan\u0131lardan bahsetmeden \u00f6nce herhangi bir tan\u0131n\u0131n bir \u00e7ocu\u011fu, bir genci ifade etme konusunda yetersiz oldu\u011funu g\u00f6z \u00f6n\u00fcnde bulundurmak \u00f6nemlidir. Hi\u00e7bir psikiyatrik tan\u0131 bir ki\u015finin ba\u015f etme yollar\u0131n\u0131, ili\u015fki kurma bi\u00e7imini ve g\u00fcc\u00fcn\u00fc, g\u00fc\u00e7l\u00fc ya da zorland\u0131\u011f\u0131 yanlar\u0131n\u0131, ailevi, sosyal ve kimliksel \u00f6zelliklerini, i\u015flevselli\u011fini ve daha bir\u00e7ok \u00f6zelli\u011fini ortaya koyamaz. Bize baz\u0131 durumlar\u0131 daha iyi tan\u0131mak ve fark edebilmek i\u00e7in bir zemin sunar o kadar.<\/p>\n\n\n\n<p><\/p>\n\n\n\n<p>\u00c7o\u011fu kez yanl\u0131\u015f bir \u015fekilde \u00c7ocuk ve Gen\u00e7 Psikiyatrisi\u2019nin tek ilgi alan\u0131 oldu\u011funu d\u00fc\u015f\u00fcnd\u00fcrtecek kadar s\u0131k konu\u015fulan bir konudur DEHB. Birazdan bahsedilece\u011fi gibi, yine s\u0131kl\u0131kla yanl\u0131\u015f bir \u015fekilde \u201cHiperaktivite\u201d \u015fekilde k\u0131salt\u0131larak kullan\u0131l\u0131r. Pop\u00fcler e\u011filimlerin etkisiyle, g\u00fcnl\u00fck uygulamalarda ad\u0131 fazlas\u0131yla ge\u00e7se de yap\u0131lan tarama \u00e7al\u0131\u015fmalar\u0131 ihtiya\u00e7 duyan \u00e7ocuklar\u0131n \u00e7ok \u00e7ok az\u0131n\u0131n tedaviye ba\u015fvurdu\u011funu g\u00f6stermektedir. Oysa ki DEHB, okul sorunlar\u0131, okul ba\u015far\u0131s\u0131zl\u0131\u011f\u0131, \u00f6\u011frenme g\u00fc\u00e7l\u00fckleri, gibi e\u011fitsel zorluklar\u0131n yan\u0131 s\u0131ra ili\u015fki, ileti\u015fim, duygusal zorluklar, kal\u0131c\u0131 davran\u0131\u015f bozukluklar\u0131 gibi pek \u00e7ok sorununa da zemin haz\u0131rlar. Bu haliyle de de\u011ferlendirme ve tedaviyi de fazlas\u0131yla hak eder.<\/p>\n\n\n\n<p>Kesin nedeni bilinmemekle birlikte hemen t\u00fcm psikiyatrik durumlarda oldu\u011fu gibi genetik yatk\u0131nl\u0131\u011f\u0131n sosyal ve ruhsal etkenlerle birle\u015ferek ortaya \u00e7\u0131kt\u0131\u011f\u0131 d\u00fc\u015f\u00fcn\u00fclmektedir.<\/p>\n\n\n\n<p>&nbsp;DEHB\u2019nun 3 temel \u00f6zelli\u011fine bakmak gerekirse bunlar: Dikkat Eksikli\u011fi, Hiperaktivite ve D\u00fcrt\u00fcselliktir.<\/p>\n\n\n\n<p>Dikkat Eksikli\u011fi: Kastedilen, dikkat yo\u011funlu\u011funun ve \u00f6zellikle s\u00fcresinin bireyin ya\u015f\u0131na g\u00f6re az olmas\u0131d\u0131r. Sorun dikkat edememekten \u00e7ok odaklanma ve odaklanman\u0131n s\u00fcrd\u00fcr\u00fclmesidir. Dikkatin da\u011f\u0131n\u0131k olu\u015fu; \u00f6ncelik belirleme, s\u0131raya koyma,&nbsp; planlama ve d\u00fczenleme becerilerini bozar.<\/p>\n\n\n\n<p>Hiperaktivite: \u00c7ocu\u011fun ya\u015f\u0131na ve geli\u015fimine uygun olmayan d\u00fczeyde hareketlilik olmas\u0131d\u0131r. Ya\u015fa ve geli\u015fim seviyesine vurgu yap\u0131lmas\u0131n\u0131n nedeni \u00e7ocuklar\u0131n ya\u015fla birlikte hareketliliklerini kontrol edebilme becerilerinin artmas\u0131n\u0131n beklenmesidir. Bahsedilen hareketlilik a\u015f\u0131r\u0131, karma\u015f\u0131k, amaca hizmet etmekten uzak daha do\u011frusu hareketlili\u011fin tek ama\u00e7 oldu\u011fu bir hareketliliktir.<\/p>\n\n\n\n<p>D\u00fcrt\u00fcsellik: \u0130stekleri erteleyememe, kendini durduramama ve fevrilik ile kendisini g\u00f6sterir. Bu \u00f6zellik \u015fayet varsa, kurallara uymakta zorluklar yaratacakt\u0131r.&nbsp; \u00c7ocu\u011fun \u00e7evresine uyumunu, ya\u015f\u0131tlar\u0131yla ve eri\u015fkinlerle ili\u015fkilerini bozucu bir etki g\u00f6sterir. Dikkat eksikli\u011fi ve hiperaktivitede oldu\u011fu gibi bir s\u00fcre sonra \u00f6zg\u00fcven ve \u00f6zsayg\u0131da olu\u015fan sorunlar ba\u015fka sorunlar\u0131 da beraberinde getirebilir.<\/p>\n\n\n\n<p>&nbsp;&nbsp;&nbsp;&nbsp;&nbsp;&nbsp;&nbsp;&nbsp;&nbsp;&nbsp;&nbsp;&nbsp;&nbsp;&nbsp;&nbsp;&nbsp;&nbsp;&nbsp;&nbsp;&nbsp;&nbsp;&nbsp;&nbsp;&nbsp;&nbsp;&nbsp;&nbsp;&nbsp;&nbsp;&nbsp;&nbsp;&nbsp;&nbsp;&nbsp;&nbsp;&nbsp;&nbsp;&nbsp;&nbsp;&nbsp;&nbsp;&nbsp;&nbsp;&nbsp;&nbsp;&nbsp; DEHB Alt T\u00fcrleri<\/p>\n\n\n\n<p>&nbsp;&nbsp;&nbsp;&nbsp;&nbsp;&nbsp;&nbsp;&nbsp;&nbsp;&nbsp;&nbsp; DEHB\u2019nun tek bir t\u00fcrle kendisini g\u00f6sterdi\u011fi genel anlay\u0131\u015f\u0131na kar\u015f\u0131 dikkat eksikli\u011finin \u00f6n planda oldu\u011fu, hiperaktivitenin \u00f6n planda oldu\u011fu ve kar\u0131\u015f\u0131k alt tipleri ile kendisini farkl\u0131 farkl\u0131 g\u00f6sterebildi\u011fi bir ger\u00e7ektir.<\/p>\n\n\n\n<p>&nbsp;&nbsp;&nbsp;&nbsp;&nbsp;&nbsp;&nbsp;&nbsp;&nbsp;&nbsp;&nbsp; DEHB\u2019nun \u00e7o\u011fu kez sadece \u201chiperaktivite\u201d&nbsp; olarak adland\u0131r\u0131ld\u0131\u011f\u0131 g\u00f6z \u00f6n\u00fcne al\u0131n\u0131rsa dikkat eksikli\u011fi \u00f6n planda olan alt tipin \u00e7ok s\u0131k g\u00f6zden ka\u00e7mas\u0131na \u015fa\u015f\u0131rmamak gerekir. Davran\u0131\u015f sorunlar\u0131ndansa \u00f6\u011frenme g\u00fc\u00e7l\u00fckleri, duygusal sorunlarla m\u00fccadele eden bu \u00e7ocuklar\u0131n \u00e7evresi taraf\u0131ndan farkl\u0131 tan\u0131mland\u0131klar\u0131n\u0131 g\u00f6rmekteyiz.<\/p>\n\n\n\n<p>&nbsp;&nbsp;&nbsp;&nbsp;&nbsp;&nbsp;&nbsp;&nbsp;&nbsp;&nbsp;&nbsp; DEHB varl\u0131\u011f\u0131nda ba\u015fka psikiyatrik bozukluklara rastlanma s\u0131kl\u0131\u011f\u0131 da artar. Bu durumlar\u0131n bilinmesi tedavinin ba\u015far\u0131s\u0131 a\u00e7\u0131s\u0131ndan \u00f6nemlidir. E\u015flik eden sorunlar\u0131n varl\u0131\u011f\u0131nda tedavilerinin ayr\u0131ca yap\u0131lmas\u0131 gerekir.<\/p>\n","protected":false},"excerpt":{"rendered":"<p>Tan\u0131lardan bahsetmeden \u00f6nce herhangi bir tan\u0131n\u0131n bir \u00e7ocu\u011fu, bir genci ifade etme konusunda yetersiz oldu\u011funu g\u00f6z \u00f6n\u00fcnde bulundurmak \u00f6nemlidir. Hi\u00e7bir psikiyatrik tan\u0131 bir ki\u015finin ba\u015f etme yollar\u0131n\u0131, ili\u015fki kurma bi\u00e7imini ve g\u00fcc\u00fcn\u00fc, g\u00fc\u00e7l\u00fc ya da zorland\u0131\u011f\u0131 yanlar\u0131n\u0131, ailevi, sosyal ve kimliksel \u00f6zelliklerini, i\u015flevselli\u011fini ve daha bir\u00e7ok \u00f6zelli\u011fini ortaya koyamaz. Bize baz\u0131 durumlar\u0131 daha iyi tan\u0131mak [&hellip;]<\/p>\n","protected":false},"author":3,"featured_media":0,"parent":0,"menu_order":0,"comment_status":"closed","ping_status":"closed","template":"","meta":{"footnotes":""},"class_list":["post-226","page","type-page","status-publish","hentry"],"_links":{"self":[{"href":"https:\/\/www.alperbayrak.com\/index.php\/wp-json\/wp\/v2\/pages\/226","targetHints":{"allow":["GET"]}}],"collection":[{"href":"https:\/\/www.alperbayrak.com\/index.php\/wp-json\/wp\/v2\/pages"}],"about":[{"href":"https:\/\/www.alperbayrak.com\/index.php\/wp-json\/wp\/v2\/types\/page"}],"author":[{"embeddable":true,"href":"https:\/\/www.alperbayrak.com\/index.php\/wp-json\/wp\/v2\/users\/3"}],"replies":[{"embeddable":true,"href":"https:\/\/www.alperbayrak.com\/index.php\/wp-json\/wp\/v2\/comments?post=226"}],"version-history":[{"count":2,"href":"https:\/\/www.alperbayrak.com\/index.php\/wp-json\/wp\/v2\/pages\/226\/revisions"}],"predecessor-version":[{"id":230,"href":"https:\/\/www.alperbayrak.com\/index.php\/wp-json\/wp\/v2\/pages\/226\/revisions\/230"}],"wp:attachment":[{"href":"https:\/\/www.alperbayrak.com\/index.php\/wp-json\/wp\/v2\/media?parent=226"}],"curies":[{"name":"wp","href":"https:\/\/api.w.org\/{rel}","templated":true}]}}