{"id":11,"date":"2021-09-03T10:35:48","date_gmt":"2021-09-03T10:35:48","guid":{"rendered":"https:\/\/alperbayrak.com\/?page_id=11"},"modified":"2021-10-17T17:10:41","modified_gmt":"2021-10-17T17:10:41","slug":"home","status":"publish","type":"page","link":"https:\/\/www.alperbayrak.com\/","title":{"rendered":"Hakk\u0131mda"},"content":{"rendered":"\n<div class=\"wp-block-group\"><div class=\"wp-block-group__inner-container is-layout-flow wp-block-group-is-layout-flow\">\n<div class=\"wp-block-image\"><figure class=\"aligncenter size-large\"><img loading=\"lazy\" decoding=\"async\" width=\"1024\" height=\"619\" src=\"https:\/\/www.alperbayrak.com\/wp-content\/uploads\/2021\/10\/alper-bayrak-foto-1024x619.jpeg\" alt=\"\" class=\"wp-image-217\" srcset=\"https:\/\/www.alperbayrak.com\/wp-content\/uploads\/2021\/10\/alper-bayrak-foto-1024x619.jpeg 1024w, https:\/\/www.alperbayrak.com\/wp-content\/uploads\/2021\/10\/alper-bayrak-foto-300x181.jpeg 300w, https:\/\/www.alperbayrak.com\/wp-content\/uploads\/2021\/10\/alper-bayrak-foto-768x464.jpeg 768w, https:\/\/www.alperbayrak.com\/wp-content\/uploads\/2021\/10\/alper-bayrak-foto.jpeg 1522w\" sizes=\"auto, (max-width: 1024px) 100vw, 1024px\" \/><\/figure><\/div>\n<\/div><\/div>\n\n\n\n<p><\/p>\n\n\n\n<p>1974 do\u011fumluyum<\/p>\n\n\n\n<p>&nbsp;&nbsp;&nbsp;&nbsp;&nbsp;&nbsp;&nbsp;&nbsp;&nbsp;&nbsp;&nbsp; \u0130lk ve orta okulu Bas\u0131nsitesi \u0130lk\u00f6\u011fretim Okulu\u2019nda okudum. 1991 y\u0131l\u0131nda \u0130zmir Atat\u00fcrk Lisesi\u2019nden mezun oldum. 1997 y\u0131l\u0131nda Ege \u00dcniversitesi T\u0131p Fak\u00fcltesini bitirdim.&nbsp; \u00c7ocuk ve Gen\u00e7 Psikiyatrisi uzmanl\u0131\u011f\u0131n\u0131 Uluda\u011f \u00dcniversitesi T\u0131p Fak\u00fcltesi\u2019nde tamamlad\u0131m.<\/p>\n\n\n\n<p>&nbsp;&nbsp;&nbsp;&nbsp;&nbsp;&nbsp;&nbsp;&nbsp;&nbsp;&nbsp;&nbsp; Uzman doktor olarak 2003 y\u0131l\u0131nda Bursa \u00c7ocuk Hastanesinde \u00e7al\u0131\u015fmaya ba\u015flad\u0131m. Ankara GATA\u2019da bir y\u0131l g\u00f6rev yapt\u0131\u011f\u0131m askerlik hizmeti d\u0131\u015f\u0131nda 2006 y\u0131l\u0131na kadar bu hastanede g\u00f6revime devam ettim. Bu s\u00fcre i\u00e7inde \u00f6zel bir \u00e7ocuk sa\u011fl\u0131\u011f\u0131 merkezinde bebekler, k\u00fc\u00e7\u00fck \u00e7ocuklar ve anne babalar\u0131yla \u00e7al\u0131\u015fma f\u0131rsat\u0131m oldu.<\/p>\n\n\n\n<p>&nbsp;&nbsp;&nbsp;&nbsp;&nbsp;&nbsp;&nbsp;&nbsp;&nbsp;&nbsp;&nbsp; Ard\u0131ndan 2006-2015 y\u0131llar\u0131 aras\u0131nda Manisa Ruh ve Sinir Hastal\u0131klar\u0131 Hastanesi\u2019nde alt\u0131 y\u0131l\u0131 ba\u015fhekim yard\u0131mc\u0131l\u0131\u011f\u0131 ve muayenehane hekimli\u011fi deneyimlerini de i\u00e7eren mesaim oldu.<\/p>\n\n\n\n<p>&nbsp;&nbsp;&nbsp;&nbsp;&nbsp;&nbsp;&nbsp;&nbsp;&nbsp;&nbsp;&nbsp; O d\u00f6nemde \u00e7ocuklar ve gen\u00e7ler eri\u015fkin hastalar\u0131n servislerine yat\u0131r\u0131larak tedavi edilmeye \u00e7al\u0131\u015f\u0131l\u0131yordu. Elbette bu durumun pek \u00e7ok sak\u0131ncay\u0131 da beraberinde getirdi\u011fini g\u00f6zlemledik. 2008 y\u0131l\u0131nda daha olumlu ve etkin bir tedavi ortam\u0131 olu\u015fturabilmek amac\u0131yla \u00e7al\u0131\u015fma arkada\u015flar\u0131mla birlikte \u00c7ocuk ve Ergen Psikiyatrisi Yatakl\u0131 Tedavi Birimi\u2019ni kurmay\u0131 ba\u015fard\u0131k. D\u00f6neminde devlet hastaneleri i\u00e7inde tek olan bu merkezde \u0130zmir, Ege B\u00f6lgesi ve T\u00fcrkiye\u2019nin \u00e7e\u015fitli illerinden gelen a\u011f\u0131r davran\u0131\u015f sorunlar\u0131 ve olumsuz \u00e7evre ko\u015fullar\u0131na sahip \u00e7ocuk ve gen\u00e7lerin geli\u015fim d\u00fczeylerine uygun tedavi g\u00f6rebilmelerine katk\u0131 sa\u011flad\u0131k. 2011 y\u0131l\u0131nda \u0130ngiltere merkezli, uluslararas\u0131 bir akreditasyon kurulu\u015fu olan QN\u0130C\u2019ten de onay almay\u0131 ba\u015fard\u0131k.<\/p>\n\n\n\n<p>&nbsp;&nbsp;&nbsp;&nbsp;&nbsp;&nbsp;&nbsp;&nbsp;&nbsp;&nbsp;&nbsp; 2015 y\u0131l\u0131na kadar bu birimin ve poliklini\u011fin sorumlu hekimi olarak \u00e7al\u0131\u015ft\u0131m.<\/p>\n\n\n\n<p>&nbsp;&nbsp;&nbsp;&nbsp;&nbsp;&nbsp;&nbsp;&nbsp;&nbsp;&nbsp;&nbsp; 2015-2021 y\u0131llar\u0131 aras\u0131nda da \u0130zmir Tepecik E\u011fitim ve Ara\u015ft\u0131rma Hastanesi \u00c7\u0130DEM poliklini\u011finde 3 y\u0131l\u0131 sorumlu hekim olmak \u00fczere g\u00f6rev yapt\u0131m.<\/p>\n\n\n\n<p>&nbsp;&nbsp;&nbsp;&nbsp;&nbsp;&nbsp;&nbsp;&nbsp;&nbsp;&nbsp;&nbsp; 2021 Eyl\u00fcl ay\u0131ndan bu yana muayenehanemde serbest hekim olarak hasta ve dan\u0131\u015fanlar\u0131m\u0131 kabul ediyorum.<\/p>\n\n\n\n<div class=\"wp-block-columns alignwide is-layout-flex wp-container-core-columns-is-layout-9d6595d7 wp-block-columns-is-layout-flex\">\n<div class=\"wp-block-column is-vertically-aligned-top is-layout-flow wp-block-column-is-layout-flow\" style=\"flex-basis:100%\"><\/div>\n<\/div>\n","protected":false},"excerpt":{"rendered":"<p>1974 do\u011fumluyum &nbsp;&nbsp;&nbsp;&nbsp;&nbsp;&nbsp;&nbsp;&nbsp;&nbsp;&nbsp;&nbsp; \u0130lk ve orta okulu Bas\u0131nsitesi \u0130lk\u00f6\u011fretim Okulu\u2019nda okudum. 1991 y\u0131l\u0131nda \u0130zmir Atat\u00fcrk Lisesi\u2019nden mezun oldum. 1997 y\u0131l\u0131nda Ege \u00dcniversitesi T\u0131p Fak\u00fcltesini bitirdim.&nbsp; \u00c7ocuk ve Gen\u00e7 Psikiyatrisi uzmanl\u0131\u011f\u0131n\u0131 Uluda\u011f \u00dcniversitesi T\u0131p Fak\u00fcltesi\u2019nde tamamlad\u0131m. &nbsp;&nbsp;&nbsp;&nbsp;&nbsp;&nbsp;&nbsp;&nbsp;&nbsp;&nbsp;&nbsp; Uzman doktor olarak 2003 y\u0131l\u0131nda Bursa \u00c7ocuk Hastanesinde \u00e7al\u0131\u015fmaya ba\u015flad\u0131m. Ankara GATA\u2019da bir y\u0131l g\u00f6rev yapt\u0131\u011f\u0131m askerlik hizmeti d\u0131\u015f\u0131nda [&hellip;]<\/p>\n","protected":false},"author":6,"featured_media":0,"parent":0,"menu_order":0,"comment_status":"closed","ping_status":"closed","template":"","meta":{"footnotes":""},"class_list":["post-11","page","type-page","status-publish","hentry"],"_links":{"self":[{"href":"https:\/\/www.alperbayrak.com\/index.php\/wp-json\/wp\/v2\/pages\/11","targetHints":{"allow":["GET"]}}],"collection":[{"href":"https:\/\/www.alperbayrak.com\/index.php\/wp-json\/wp\/v2\/pages"}],"about":[{"href":"https:\/\/www.alperbayrak.com\/index.php\/wp-json\/wp\/v2\/types\/page"}],"author":[{"embeddable":true,"href":"https:\/\/www.alperbayrak.com\/index.php\/wp-json\/wp\/v2\/users\/6"}],"replies":[{"embeddable":true,"href":"https:\/\/www.alperbayrak.com\/index.php\/wp-json\/wp\/v2\/comments?post=11"}],"version-history":[{"count":16,"href":"https:\/\/www.alperbayrak.com\/index.php\/wp-json\/wp\/v2\/pages\/11\/revisions"}],"predecessor-version":[{"id":218,"href":"https:\/\/www.alperbayrak.com\/index.php\/wp-json\/wp\/v2\/pages\/11\/revisions\/218"}],"wp:attachment":[{"href":"https:\/\/www.alperbayrak.com\/index.php\/wp-json\/wp\/v2\/media?parent=11"}],"curies":[{"name":"wp","href":"https:\/\/api.w.org\/{rel}","templated":true}]}}